{"id":2494,"date":"2016-03-09T05:41:44","date_gmt":"2016-03-09T05:41:44","guid":{"rendered":"https:\/\/demo2.chethemes.com\/electro\/?page_id=2494"},"modified":"2021-09-06T21:54:22","modified_gmt":"2021-09-07T00:54:22","slug":"sobre-nos","status":"publish","type":"page","link":"https:\/\/silicotex.com.br\/loja\/sobre-nos\/","title":{"rendered":"Sobre n\u00f3s"},"content":{"rendered":"<p>[vc_row full_width=&#8221;stretch_row&#8221; css=&#8221;.vc_custom_1561001084204{margin-bottom: 35px !important;}&#8221;][vc_column][vc_column_text text_larger=&#8221;no&#8221;]A SILICOTEX \u00a0\u00e9 uma empresa 100% nacional, que atua no ramo t\u00eaxtil desde 2001, desenvolvendo processos de aplica\u00e7\u00e3o de silicone em artigos t\u00eaxteis.[\/vc_column_text][\/vc_column][\/vc_row][vc_row el_class=&#8221;inner-sm&#8221;][vc_column el_class=&#8221;text-boxes&#8221;][vc_row_inner][vc_column_inner width=&#8221;1\/2&#8243;][vc_column_text text_larger=&#8221;no&#8221;]<\/p>\n<h3 class=\"highlight\">Silicone em tecidos<\/h3>\n<p>O uso de silicone em tecidos j\u00e1 \u00e9 uma realidade h\u00e1 muitos anos nos EUA e Europa. No Brasil o mercado vem crescendo a cada ano, principalmente para uso em lingeries e moda esportiva, com expressivo destaque para uniformes de ciclismo.[\/vc_column_text][\/vc_column_inner][vc_column_inner width=&#8221;1\/2&#8243;][vc_column_text text_larger=&#8221;no&#8221;]<\/p>\n<h3 class=\"highlight\">Maquin\u00e1rio<\/h3>\n<p>Utilizamos maquin\u00e1rio projetado e fabricado na pr\u00f3pria empresa, o que possibilita maior agilidade e rapidez no atendimento \u00e0 clientes e adequa\u00e7\u00f5es para acompanhar as tend\u00eancias do mercado.[\/vc_column_text][\/vc_column_inner][\/vc_row_inner][vc_row_inner el_class=&#8221;inner-bottom-xs&#8221;][vc_column_inner width=&#8221;1\/2&#8243;][vc_column_text text_larger=&#8221;no&#8221;]<\/p>\n<h3 class=\"highlight\">V\u00e1rios segmentos<\/h3>\n<p>No in\u00edcio, a aplica\u00e7\u00e3o de silicone era realizada somente em fitas el\u00e1sticas, visando atender a ind\u00fastria de lingerie, mas, com o passar dos tempos as necessidades ampliaram-se e passamos a atender tamb\u00e9m os segmentos de cal\u00e7ados, meias (esportivas, finas e medicinais), rendas, etiquetas, modeladores de corpo (shapewear), modawear, fitness e esportiva, com destaque para o ciclismo.[\/vc_column_text][\/vc_column_inner][vc_column_inner width=&#8221;1\/2&#8243;][vc_column_text text_larger=&#8221;no&#8221;]<\/p>\n<h3 class=\"highlight\">Formatos<\/h3>\n<p>A aplica\u00e7\u00e3o \u00e9 realizada em diversos formatos: filetes, faixas, ondas, bolinhas e personalizados. Sendo poss\u00edvel, tamb\u00e9m, desenvolver aplica\u00e7\u00f5es de acordo com a necessidade do cliente.<\/p>\n<p>Como benef\u00edcio, obt\u00e9m-se um produto final diferenciado por seu alto grau de ader\u00eancia ao corpo, promovendo maior conforto para quem o usa.[\/vc_column_text][\/vc_column_inner][\/vc_row_inner][\/vc_column][\/vc_row]<\/p>\n","protected":false},"excerpt":{"rendered":"<p>[vc_row full_width=&#8221;stretch_row&#8221; css=&#8221;.vc_custom_1561001084204{margin-bottom: 35px !important;}&#8221;][vc_column][vc_column_text text_larger=&#8221;no&#8221;]A SILICOTEX \u00a0\u00e9 uma empresa 100% nacional, que atua no ramo t\u00eaxtil desde 2001, desenvolvendo<\/p>\n","protected":false},"author":1,"featured_media":0,"parent":0,"menu_order":0,"comment_status":"closed","ping_status":"closed","template":"","meta":[],"_links":{"self":[{"href":"https:\/\/silicotex.com.br\/loja\/wp-json\/wp\/v2\/pages\/2494"}],"collection":[{"href":"https:\/\/silicotex.com.br\/loja\/wp-json\/wp\/v2\/pages"}],"about":[{"href":"https:\/\/silicotex.com.br\/loja\/wp-json\/wp\/v2\/types\/page"}],"author":[{"embeddable":true,"href":"https:\/\/silicotex.com.br\/loja\/wp-json\/wp\/v2\/users\/1"}],"replies":[{"embeddable":true,"href":"https:\/\/silicotex.com.br\/loja\/wp-json\/wp\/v2\/comments?post=2494"}],"version-history":[{"count":0,"href":"https:\/\/silicotex.com.br\/loja\/wp-json\/wp\/v2\/pages\/2494\/revisions"}],"wp:attachment":[{"href":"https:\/\/silicotex.com.br\/loja\/wp-json\/wp\/v2\/media?parent=2494"}],"curies":[{"name":"wp","href":"https:\/\/api.w.org\/{rel}","templated":true}]}}