{"id":2513,"date":"2016-03-09T06:45:35","date_gmt":"2016-03-09T06:45:35","guid":{"rendered":"https:\/\/demo2.chethemes.com\/electro\/?page_id=2513"},"modified":"2021-03-03T15:59:01","modified_gmt":"2021-03-03T18:59:01","slug":"contato","status":"publish","type":"page","link":"https:\/\/silicotex.com.br\/loja\/contato\/","title":{"rendered":"Contato"},"content":{"rendered":"<p>[vc_row css=&#8221;.vc_custom_1457506356430{padding-top: 25px !important;}&#8221;][vc_column el_class=&#8221;store-info store-info-v2&#8243;][vc_column_text el_class=&#8221;inner-left-xs&#8221; text_larger=&#8221;no&#8221;]<\/p>\n<h2 class=\"contact-page-title\">Informa\u00e7\u00f5es de Contato<\/h2>\n<p>Av. Pensilv\u00e2nia, 193<br \/>\nJd. Fl\u00f3rida &#8211; Jacare\u00ed\/SP<\/p>\n<p>(12) 3952-4859<br \/>\nEmail: <a href=\"mailto:vendas@silicotex.com.br\">vendas@silicotex.com.br<\/a><\/p>\n<h3>Hor\u00e1rio de Funcionamento<\/h3>\n<p>Segunda a sexta, das 08 \u00e0s 18h<\/p>\n<p>[\/vc_column_text][\/vc_column][\/vc_row]<\/p>\n","protected":false},"excerpt":{"rendered":"<p>[vc_row css=&#8221;.vc_custom_1457506356430{padding-top: 25px !important;}&#8221;][vc_column el_class=&#8221;store-info store-info-v2&#8243;][vc_column_text el_class=&#8221;inner-left-xs&#8221; text_larger=&#8221;no&#8221;] Informa\u00e7\u00f5es de Contato Av. Pensilv\u00e2nia, 193 Jd. Fl\u00f3rida &#8211; Jacare\u00ed\/SP (12) 3952-4859<\/p>\n","protected":false},"author":1,"featured_media":0,"parent":0,"menu_order":0,"comment_status":"closed","ping_status":"closed","template":"","meta":[],"_links":{"self":[{"href":"https:\/\/silicotex.com.br\/loja\/wp-json\/wp\/v2\/pages\/2513"}],"collection":[{"href":"https:\/\/silicotex.com.br\/loja\/wp-json\/wp\/v2\/pages"}],"about":[{"href":"https:\/\/silicotex.com.br\/loja\/wp-json\/wp\/v2\/types\/page"}],"author":[{"embeddable":true,"href":"https:\/\/silicotex.com.br\/loja\/wp-json\/wp\/v2\/users\/1"}],"replies":[{"embeddable":true,"href":"https:\/\/silicotex.com.br\/loja\/wp-json\/wp\/v2\/comments?post=2513"}],"version-history":[{"count":0,"href":"https:\/\/silicotex.com.br\/loja\/wp-json\/wp\/v2\/pages\/2513\/revisions"}],"wp:attachment":[{"href":"https:\/\/silicotex.com.br\/loja\/wp-json\/wp\/v2\/media?parent=2513"}],"curies":[{"name":"wp","href":"https:\/\/api.w.org\/{rel}","templated":true}]}}