{"id":8529,"date":"2022-09-23T20:07:24","date_gmt":"2022-09-23T23:07:24","guid":{"rendered":"https:\/\/silicotex.com.br\/loja\/?post_type=product&#038;p=8529"},"modified":"2023-06-05T14:14:31","modified_gmt":"2023-06-05T17:14:31","slug":"fita-elastica-25-mm-com-3-filetes-de-silicone","status":"publish","type":"product","link":"https:\/\/silicotex.com.br\/loja\/produto\/fita-elastica-25-mm-com-3-filetes-de-silicone\/","title":{"rendered":"Fita El\u00e1stica 25 mm com 3 filetes de silicone"},"content":{"rendered":"<h3>Fita El\u00e1stica 25 mm com 3 filetes de silicone<\/h3>\n<p>COMPOSI\u00c7\u00c3O:<br \/>\n70% POLIESTER<br \/>\n30% ELASTODIENO<\/p>\n<p>Aplica\u00e7\u00e3o: Lingerie \/ Fitness \/ Ciclismo<\/p>\n<h4>Rolo com 25 Metros<\/h4>\n<p><strong><span style=\"color: #99cc00;\">CORES:<\/span><\/strong><\/p>\n<p><strong>BRANCO<br \/>\n<\/strong>GTIN: 7898713430169<\/p>\n<p>&nbsp;<\/p>\n<p><iframe loading=\"lazy\" title=\"El\u00e1stico de 25 mm - Com Aplica\u00e7\u00e3o de Silicone Formato 3 Filetes\" width=\"500\" height=\"281\" src=\"https:\/\/www.youtube.com\/embed\/wEPPq0r_mWQ?feature=oembed\" frameborder=\"0\" allow=\"accelerometer; autoplay; clipboard-write; encrypted-media; gyroscope; picture-in-picture; web-share\" allowfullscreen><\/iframe><\/p>\n","protected":false},"excerpt":{"rendered":"<p><a href=\"https:\/\/web.whatsapp.com\/send?phone=551239622255&amp;text=\" target=\"_blank\" rel=\"noopener\"><img decoding=\"async\" loading=\"lazy\" class=\"alignnone wp-image-8636 size-medium\" src=\"http:\/\/silicotex.com.br\/loja\/wp-content\/uploads\/2022\/09\/clique-para-falar-pelo-whatsapp-300x104.png\" alt=\"\" width=\"300\" height=\"104\" srcset=\"https:\/\/silicotex.com.br\/loja\/wp-content\/uploads\/2022\/09\/clique-para-falar-pelo-whatsapp-300x104.png 300w, https:\/\/silicotex.com.br\/loja\/wp-content\/uploads\/2022\/09\/clique-para-falar-pelo-whatsapp.png 738w\" sizes=\"(max-width: 300px) 100vw, 300px\" \/><\/a><\/p>\n","protected":false},"featured_media":8534,"template":"","meta":[],"product_cat":[153],"product_tag":[179,181,180,183,184,185,186,178,192,193,182],"_links":{"self":[{"href":"https:\/\/silicotex.com.br\/loja\/wp-json\/wp\/v2\/product\/8529"}],"collection":[{"href":"https:\/\/silicotex.com.br\/loja\/wp-json\/wp\/v2\/product"}],"about":[{"href":"https:\/\/silicotex.com.br\/loja\/wp-json\/wp\/v2\/types\/product"}],"wp:featuredmedia":[{"embeddable":true,"href":"https:\/\/silicotex.com.br\/loja\/wp-json\/wp\/v2\/media\/8534"}],"wp:attachment":[{"href":"https:\/\/silicotex.com.br\/loja\/wp-json\/wp\/v2\/media?parent=8529"}],"wp:term":[{"taxonomy":"product_cat","embeddable":true,"href":"https:\/\/silicotex.com.br\/loja\/wp-json\/wp\/v2\/product_cat?post=8529"},{"taxonomy":"product_tag","embeddable":true,"href":"https:\/\/silicotex.com.br\/loja\/wp-json\/wp\/v2\/product_tag?post=8529"}],"curies":[{"name":"wp","href":"https:\/\/api.w.org\/{rel}","templated":true}]}}