{"id":8581,"date":"2022-11-21T19:21:15","date_gmt":"2022-11-21T22:21:15","guid":{"rendered":"https:\/\/silicotex.com.br\/loja\/?post_type=product&#038;p=8581"},"modified":"2023-06-05T14:18:33","modified_gmt":"2023-06-05T17:18:33","slug":"elastico-com-silicone-de-28mm-com-aplicacao-de-bolinhas","status":"publish","type":"product","link":"https:\/\/silicotex.com.br\/loja\/produto\/elastico-com-silicone-de-28mm-com-aplicacao-de-bolinhas\/","title":{"rendered":"El\u00e1stico Com Silicone De 28mm Com Aplica\u00e7\u00e3o De Bolinhas"},"content":{"rendered":"<p>Fita el\u00e1stica de 28 mm com aplica\u00e7\u00e3o cont\u00ednua de bolinhas &#8211; PO\u00c1<\/p>\n<p>COMPOSI\u00c7\u00c3O<br \/>\n74%POLIAMIDA<br \/>\n26 %ELASTANO<\/p>\n<p>Fita el\u00e1stica com silicone \/ El\u00e1stico com Silicone<\/p>\n<p>Rolo com 25 Metros<\/p>\n<p>Aplica\u00e7\u00e3o: Lingerie \/ Fitness \/ Ciclismo<\/p>\n<p><strong><span style=\"color: #99cc00;\">CORES:<\/span><\/strong><\/p>\n<p><strong>PRETO<br \/>\n<\/strong>GTIN: 7898713430213<\/p>\n<p>&nbsp;<\/p>\n<p><iframe loading=\"lazy\" title=\"El\u00e1stico de 28 mm - Com Aplica\u00e7\u00e3o de Silicone Formato Bolinha\" width=\"500\" height=\"281\" src=\"https:\/\/www.youtube.com\/embed\/dbaKBSkjUSY?feature=oembed\" frameborder=\"0\" allow=\"accelerometer; autoplay; clipboard-write; encrypted-media; gyroscope; picture-in-picture; web-share\" allowfullscreen><\/iframe><\/p>\n","protected":false},"excerpt":{"rendered":"<p><a href=\"https:\/\/web.whatsapp.com\/send?phone=551239622255&amp;text=\" target=\"_blank\" rel=\"noopener\"><img decoding=\"async\" loading=\"lazy\" class=\"alignnone wp-image-8636 size-medium\" src=\"http:\/\/silicotex.com.br\/loja\/wp-content\/uploads\/2022\/09\/clique-para-falar-pelo-whatsapp-300x104.png\" alt=\"\" width=\"300\" height=\"104\" srcset=\"https:\/\/silicotex.com.br\/loja\/wp-content\/uploads\/2022\/09\/clique-para-falar-pelo-whatsapp-300x104.png 300w, https:\/\/silicotex.com.br\/loja\/wp-content\/uploads\/2022\/09\/clique-para-falar-pelo-whatsapp.png 738w\" sizes=\"(max-width: 300px) 100vw, 300px\" \/><\/a><\/p>\n","protected":false},"featured_media":8582,"template":"","meta":[],"product_cat":[207],"product_tag":[209,179,181,180,183,184,185,186,178,189,190,208,191,182],"_links":{"self":[{"href":"https:\/\/silicotex.com.br\/loja\/wp-json\/wp\/v2\/product\/8581"}],"collection":[{"href":"https:\/\/silicotex.com.br\/loja\/wp-json\/wp\/v2\/product"}],"about":[{"href":"https:\/\/silicotex.com.br\/loja\/wp-json\/wp\/v2\/types\/product"}],"wp:featuredmedia":[{"embeddable":true,"href":"https:\/\/silicotex.com.br\/loja\/wp-json\/wp\/v2\/media\/8582"}],"wp:attachment":[{"href":"https:\/\/silicotex.com.br\/loja\/wp-json\/wp\/v2\/media?parent=8581"}],"wp:term":[{"taxonomy":"product_cat","embeddable":true,"href":"https:\/\/silicotex.com.br\/loja\/wp-json\/wp\/v2\/product_cat?post=8581"},{"taxonomy":"product_tag","embeddable":true,"href":"https:\/\/silicotex.com.br\/loja\/wp-json\/wp\/v2\/product_tag?post=8581"}],"curies":[{"name":"wp","href":"https:\/\/api.w.org\/{rel}","templated":true}]}}